{"id":146,"date":"2018-03-06T09:19:48","date_gmt":"2018-03-06T09:19:48","guid":{"rendered":"http:\/\/bridge175.qodeinteractive.com\/?page_id=146"},"modified":"2024-04-02T12:19:51","modified_gmt":"2024-04-02T15:19:51","slug":"home","status":"publish","type":"page","link":"https:\/\/ramasini.com.br\/","title":{"rendered":"Homepage"},"content":{"rendered":"<p>[vc_row css_animation=&#8221;&#8221; row_type=&#8221;row&#8221; use_row_as_full_screen_section=&#8221;no&#8221; type=&#8221;full_width&#8221; angled_section=&#8221;no&#8221; text_align=&#8221;left&#8221; background_image_as_pattern=&#8221;without_pattern&#8221; css=&#8221;.vc_custom_1520254781200{background-color: #2f2a2d !important;}&#8221; z_index=&#8221;&#8221;][vc_column][qode_elements_holder number_of_columns=&#8221;one_column&#8221;][qode_elements_holder_item item_padding=&#8221;595px 0px 0px&#8221; advanced_animations=&#8221;no&#8221; item_padding_1280_1440=&#8221;420px 0px 0px&#8221; item_padding_1024_1280=&#8221;400px 0px 0px&#8221; item_padding_480_600=&#8221;350px 0px 0px&#8221; item_padding_480=&#8221;350px 0px 0px&#8221;][\/qode_elements_holder_item][\/qode_elements_holder][\/vc_column][\/vc_row][vc_row css_animation=&#8221;&#8221; row_type=&#8221;row&#8221; use_row_as_full_screen_section=&#8221;no&#8221; type=&#8221;full_width&#8221; angled_section=&#8221;no&#8221; text_align=&#8221;left&#8221; background_image_as_pattern=&#8221;without_pattern&#8221; row_negative_margin=&#8221;disable_negative_margin&#8221; css=&#8221;.vc_custom_1520328428302{padding-top: 30px !important;padding-right: 30px !important;padding-bottom: 30px !important;padding-left: 30px !important;background-color: #ffffff !important;}&#8221; z_index=&#8221;&#8221;][vc_column css=&#8221;.vc_custom_1520254791965{margin-top: -595px !important;padding-right: 0px !important;padding-left: 0px !important;}&#8221;][qode_elements_holder number_of_columns=&#8221;one_column&#8221;][qode_elements_holder_item advanced_animations=&#8221;no&#8221; item_padding_1280_1440=&#8221;175px 0px 0px&#8221; item_padding_1024_1280=&#8221;195px 0px 0px&#8221; item_padding_480_600=&#8221;250px 0px 0px&#8221; item_padding_480=&#8221;250px 0px 0px&#8221;][rev_slider_vc alias=&#8221;home&#8221;][\/qode_elements_holder_item][\/qode_elements_holder][\/vc_column][\/vc_row][vc_row css_animation=&#8221;&#8221; row_type=&#8221;row&#8221; use_row_as_full_screen_section=&#8221;no&#8221; type=&#8221;full_width&#8221; angled_section=&#8221;no&#8221; text_align=&#8221;left&#8221; background_image_as_pattern=&#8221;without_pattern&#8221; css=&#8221;.vc_custom_1520265231118{background-image: url(http:\/\/bridge175.qodeinteractive.com\/wp-content\/uploads\/2018\/03\/home-content-background-img-1.jpg?id=117) !important;background-position: center !important;background-repeat: no-repeat !important;background-size: cover !important;}&#8221; z_index=&#8221;&#8221;][vc_column][vc_row_inner row_type=&#8221;row&#8221; type=&#8221;grid&#8221; text_align=&#8221;left&#8221; css_animation=&#8221;&#8221; css=&#8221;.vc_custom_1520259512927{padding-top: 20px !important;padding-bottom: 88px !important;}&#8221;][vc_column_inner width=&#8221;1\/6&#8243; offset=&#8221;vc_hidden-sm vc_hidden-xs&#8221;][\/vc_column_inner][vc_column_inner width=&#8221;1\/2&#8243; offset=&#8221;vc_col-md-4&#8243; css=&#8221;.vc_custom_1520256299435{padding-right: 10px !important;padding-left: 10px !important;}&#8221;][qode_elements_holder number_of_columns=&#8221;one_column&#8221;][qode_elements_holder_item item_padding=&#8221;50px 0px 0px&#8221; advanced_animations=&#8221;no&#8221; item_padding_768_1024=&#8221;0px&#8221; item_padding_600_768=&#8221;0px&#8221; item_padding_480_600=&#8221;0px 0px 40px&#8221; item_padding_480=&#8221;0px 0px 40px&#8221;]<div class='testimonials_holder clearfix '><div class=\"testimonials testimonials_carousel\" data-show-navigation=\"no\" data-animation-type=\"fade\" data-animation-speed=\"\" data-auto-rotate-slides=\"3\" data-number-per-slide=\"1\"><ul class=\"slides\"><li id=\"testimonials50\" class=\"testimonial_content\"><div class=\"testimonial_content_inner\"><div class=\"testimonial_image_holder\"><img decoding=\"async\" itemprop=\"image\" src=\"https:\/\/ramasini.com.br\/wp-content\/uploads\/2018\/03\/unnamed-file.jpg\" \/><\/div><div class=\"testimonial_text_holder\"><div class=\"testimonial_text_inner\" style=\"\"><p>Formado institui\u00e7\u00e3o Toledo de Ensino (ITE-Botucatu). Se destaca na advocacia litigiosa por sua abordagem meticulosa e compromisso com a \u00e9tica profissional.<\/p><p class=\"testimonial_author\" style=\"\">- Alfredo Lu\u00eds Luvizuto Ramasini<\/p><\/div><\/div><\/div><\/li><\/ul><\/div><\/div>[\/qode_elements_holder_item][\/qode_elements_holder][\/vc_column_inner][vc_column_inner width=&#8221;1\/2&#8243; offset=&#8221;vc_col-md-4&#8243;][vc_single_image image=&#8221;24&#8243; img_size=&#8221;full&#8221; qode_css_animation=&#8221;&#8221;][\/vc_column_inner][vc_column_inner width=&#8221;1\/6&#8243; offset=&#8221;vc_hidden-sm vc_hidden-xs&#8221;][\/vc_column_inner][\/vc_row_inner][vc_column_text]<\/p>\n<h2 style=\"text-align: center;\">ADVOCACIA ESPECIALIZADA<\/h2>\n<p>[\/vc_column_text][vc_column_text]<\/p>\n<h3 style=\"text-align: center;\">Direito Civil, Trabalhista e do Consumidor<\/h3>\n<p>[\/vc_column_text][vc_row_inner row_type=&#8221;row&#8221; type=&#8221;full_width&#8221; text_align=&#8221;center&#8221; css_animation=&#8221;&#8221; css=&#8221;.vc_custom_1520265271686{margin-right: 29px !important;margin-left: 29px !important;padding-top: 72px !important;padding-right: 0px !important;padding-bottom: 105px !important;padding-left: 0px !important;}&#8221;][vc_column_inner width=&#8221;1\/2&#8243; css=&#8221;.vc_custom_1520259278792{padding-right: 1px !important;padding-bottom: 2px !important;padding-left: 1px !important;}&#8221; offset=&#8221;vc_col-md-3&#8243;][qode_elements_holder number_of_columns=&#8221;one_column&#8221;][qode_elements_holder_item background_image=&#8221;17&#8243; item_padding=&#8221;110px 80px 100px&#8221; advanced_animations=&#8221;no&#8221; item_padding_1280_1440=&#8221;70px 25px&#8221; item_padding_1024_1280=&#8221;50px 25px 60px&#8221; item_padding_768_1024=&#8221;50px 25px 60px&#8221; item_padding_600_768=&#8221;50px 25px 60px&#8221; item_padding_480_600=&#8221;40px 24px&#8221; item_padding_480=&#8221;40px 24px&#8221;][vc_single_image image=&#8221;20&#8243; img_size=&#8221;full&#8221; alignment=&#8221;center&#8221; qode_css_animation=&#8221;&#8221;][vc_empty_space height=&#8221;38px&#8221;][vc_column_text]<\/p>\n<h4><span style=\"color: #ffffff;\">DIREITO CIVIL<\/span><\/h4>\n<p>[\/vc_column_text][vc_empty_space height=&#8221;12px&#8221;][vc_column_text]<span style=\"color: #ffffff;\">Advocacia especializada em a\u00e7\u00f5es c\u00edveis para garantias de todos os diretos individuais e coletivos.<\/span>[\/vc_column_text][vc_empty_space height=&#8221;40px&#8221;]<a  itemprop=\"url\" href=\"https:\/\/wa.me\/5514996861080\" target=\"_self\"  class=\"qbutton  default\" style=\"\">Saiba mais<\/a>[\/qode_elements_holder_item][\/qode_elements_holder][\/vc_column_inner][vc_column_inner width=&#8221;1\/2&#8243; css=&#8221;.vc_custom_1520259287600{padding-right: 1px !important;padding-bottom: 2px !important;padding-left: 1px !important;}&#8221; offset=&#8221;vc_col-md-3&#8243;][qode_elements_holder number_of_columns=&#8221;one_column&#8221;][qode_elements_holder_item background_image=&#8221;18&#8243; item_padding=&#8221;110px 80px 100px&#8221; advanced_animations=&#8221;no&#8221; item_padding_1280_1440=&#8221;70px 25px&#8221; item_padding_1024_1280=&#8221;50px 25px 60px&#8221; item_padding_768_1024=&#8221;50px 25px 60px&#8221; item_padding_600_768=&#8221;50px 25px 60px&#8221; item_padding_480_600=&#8221;40px 24px&#8221; item_padding_480=&#8221;40px 24px&#8221;][vc_single_image image=&#8221;21&#8243; img_size=&#8221;full&#8221; alignment=&#8221;center&#8221; qode_css_animation=&#8221;&#8221;][vc_empty_space height=&#8221;38px&#8221;][vc_column_text]<\/p>\n<h4><span style=\"color: #ffffff;\">PROCESSO CIVIL<\/span><\/h4>\n<p>[\/vc_column_text][vc_empty_space height=&#8221;12px&#8221;][vc_column_text]<span style=\"color: #ffffff;\">T\u00e9cnicas administrativas e jur\u00eddicas para que nossos clientes tenham a garantia de um processo justo e legal.<\/span>[\/vc_column_text][vc_empty_space height=&#8221;40px&#8221;]<a  itemprop=\"url\" href=\"https:\/\/wa.me\/5514996861080\" target=\"_self\"  class=\"qbutton  default\" style=\"\">Saiba mais<\/a>[\/qode_elements_holder_item][\/qode_elements_holder][\/vc_column_inner][vc_column_inner width=&#8221;1\/2&#8243; offset=&#8221;vc_col-md-3&#8243; css=&#8221;.vc_custom_1520259294529{padding-right: 1px !important;padding-bottom: 2px !important;padding-left: 1px !important;}&#8221;][qode_elements_holder number_of_columns=&#8221;one_column&#8221;][qode_elements_holder_item background_image=&#8221;19&#8243; item_padding=&#8221;110px 80px 100px&#8221; advanced_animations=&#8221;no&#8221; item_padding_1280_1440=&#8221;70px 25px&#8221; item_padding_1024_1280=&#8221;50px 25px 60px&#8221; item_padding_768_1024=&#8221;50px 25px 60px&#8221; item_padding_600_768=&#8221;50px 25px 60px&#8221; item_padding_480_600=&#8221;40px 24px&#8221; item_padding_480=&#8221;40px 24px&#8221;][vc_single_image image=&#8221;22&#8243; img_size=&#8221;full&#8221; alignment=&#8221;center&#8221; qode_css_animation=&#8221;&#8221;][vc_empty_space height=&#8221;38px&#8221;][vc_column_text]<\/p>\n<h4><span style=\"color: #ffffff;\">DIREITO TRABALHISTA<\/span><\/h4>\n<p>[\/vc_column_text][vc_empty_space height=&#8221;12px&#8221;][vc_column_text]<span style=\"color: #ffffff;\">Atendimento a empresas e trabalhadores para garantias e solu\u00e7\u00f5es de conflitos individuais ou entre partes .<\/span>[\/vc_column_text][vc_empty_space height=&#8221;40px&#8221;]<a  itemprop=\"url\" href=\"https:\/\/wa.me\/5514996861080\" target=\"_self\"  class=\"qbutton  default\" style=\"\">Saiba mais<\/a>[\/qode_elements_holder_item][\/qode_elements_holder][\/vc_column_inner][vc_column_inner width=&#8221;1\/2&#8243; offset=&#8221;vc_col-md-3&#8243; css=&#8221;.vc_custom_1520259304608{padding-right: 1px !important;padding-bottom: 2px !important;padding-left: 1px !important;}&#8221;][qode_elements_holder number_of_columns=&#8221;one_column&#8221;][qode_elements_holder_item background_image=&#8221;74&#8243; item_padding=&#8221;110px 80px 100px&#8221; advanced_animations=&#8221;no&#8221; item_padding_1280_1440=&#8221;70px 25px&#8221; item_padding_1024_1280=&#8221;50px 25px 60px&#8221; item_padding_768_1024=&#8221;50px 25px 60px&#8221; item_padding_600_768=&#8221;50px 25px 60px&#8221; item_padding_480_600=&#8221;40px 24px&#8221; item_padding_480=&#8221;40px 24px&#8221;][vc_single_image image=&#8221;23&#8243; img_size=&#8221;full&#8221; alignment=&#8221;center&#8221; qode_css_animation=&#8221;&#8221;][vc_empty_space height=&#8221;38px&#8221;][vc_column_text]<\/p>\n<h4><span style=\"color: #ffffff;\">DIREITO CONSUMIDOR<\/span><\/h4>\n<p>[\/vc_column_text][vc_empty_space height=&#8221;12px&#8221;][vc_column_text]<span style=\"color: #ffffff;\">Assist\u00eancia administrativa ou jur\u00eddica para acompanhamento de casos ligados ao direito do consumidor.<\/span>[\/vc_column_text][vc_empty_space height=&#8221;40px&#8221;]<a  itemprop=\"url\" href=\"https:\/\/wa.me\/5514996861080\" target=\"_self\"  class=\"qbutton  default\" style=\"\">Saiba mais<\/a>[\/qode_elements_holder_item][\/qode_elements_holder][\/vc_column_inner][\/vc_row_inner][vc_column_text]<\/p>\n<h2 style=\"text-align: center;\">SERVI\u00c7OS<\/h2>\n<p>[\/vc_column_text][vc_column_text]<\/p>\n<h3 style=\"text-align: center;\">Solu\u00e7\u00e3o de problema legais<\/h3>\n<p>[\/vc_column_text][vc_row_inner row_type=&#8221;row&#8221; type=&#8221;grid&#8221; text_align=&#8221;left&#8221; css_animation=&#8221;&#8221; css=&#8221;.vc_custom_1520262250056{padding-top: 42px !important;padding-bottom: 88px !important;}&#8221;][vc_column_inner width=&#8221;1\/6&#8243; offset=&#8221;vc_hidden-sm vc_hidden-xs&#8221;][\/vc_column_inner][vc_column_inner width=&#8221;1\/2&#8243; offset=&#8221;vc_col-md-4&#8243; css=&#8221;.vc_custom_1520256299435{padding-right: 10px !important;padding-left: 10px !important;}&#8221;][qode_elements_holder number_of_columns=&#8221;one_column&#8221;][qode_elements_holder_item item_padding=&#8221;50px 0px 0px&#8221; advanced_animations=&#8221;no&#8221; item_padding_600_768=&#8221;0px&#8221; item_padding_480_600=&#8221;0px&#8221; item_padding_480=&#8221;0px&#8221;]<div class='q_team info_description_below_image'><div class='q_team_inner'><div class='q_team_image'><div class='q_team_image_holder'><img itemprop='image' src='https:\/\/ramasini.com.br\/wp-content\/uploads\/2024\/04\/Design-sem-nome-5.png' alt='Design sem nome (5)' \/><\/div><div class='q_team_text' ><div class='q_team_text_inner'><div class='q_team_title_holder'><h4 class='q_team_name' style = ''>Direito C\u00edvel<\/h4><\/div><div class='q_team_description_below_image_wrapper'><div class='q_team_description'><div class='q_team_description_inner'><p>A\u00e7\u00f5es administrativa e judiciais para garantir de direitos c\u00edveis inalien\u00e1veis de pessoas e empresas de maneira r\u00e1pida e eficiente.<\/p><\/div><\/div><\/div><\/div><\/div><div class='q_team_social_holder'><\/div><\/div><\/div><\/div>[\/qode_elements_holder_item][\/qode_elements_holder][\/vc_column_inner][vc_column_inner width=&#8221;1\/2&#8243; offset=&#8221;vc_col-md-4&#8243;]<div class='q_team info_description_below_image'><div class='q_team_inner'><div class='q_team_image'><div class='q_team_image_holder'><img itemprop='image' src='https:\/\/ramasini.com.br\/wp-content\/uploads\/2024\/04\/arteOK1.png' alt='arteOK1' \/><\/div><div class='q_team_text' ><div class='q_team_text_inner'><div class='q_team_title_holder'><h4 class='q_team_name' style = ''>Direito do Consumidor<\/h4><\/div><div class='q_team_description_below_image_wrapper'><div class='q_team_description'><div class='q_team_description_inner'><p>O C\u00f3digo de Defesa do Consumidor garante a voc\u00ea uma negocia\u00e7\u00e3o justa e equivalente. Saiba quais s\u00e3o seus direitos e tenha as garantias plenas.<\/p><\/div><\/div><\/div><\/div><\/div><div class='q_team_social_holder'><\/div><\/div><\/div><\/div>[\/vc_column_inner][vc_column_inner width=&#8221;1\/6&#8243; offset=&#8221;vc_hidden-sm vc_hidden-xs&#8221;][\/vc_column_inner][\/vc_row_inner][\/vc_column][\/vc_row][vc_row css_animation=&#8221;&#8221; row_type=&#8221;row&#8221; use_row_as_full_screen_section=&#8221;no&#8221; type=&#8221;full_width&#8221; angled_section=&#8221;no&#8221; text_align=&#8221;left&#8221; background_image_as_pattern=&#8221;without_pattern&#8221; css=&#8221;.vc_custom_1520328481304{background-color: rgba(233,227,230,0.01) !important;*background-color: rgb(233,227,230) !important;}&#8221; z_index=&#8221;22&#8243;][vc_column][vc_row_inner row_type=&#8221;row&#8221; type=&#8221;grid&#8221; text_align=&#8221;center&#8221; css_animation=&#8221;&#8221; css=&#8221;.vc_custom_1520263800963{margin-right: 30px !important;margin-left: 30px !important;padding-top: 75px !important;padding-bottom: 75px !important;background-image: url(http:\/\/bridge175.qodeinteractive.com\/wp-content\/uploads\/2018\/03\/home-background-img-1.jpg?id=16) !important;background-position: center !important;background-repeat: no-repeat !important;background-size: cover !important;}&#8221;][vc_column_inner offset=&#8221;vc_col-lg-6 vc_col-md-5&#8243;][qode_elements_holder number_of_columns=&#8221;one_column&#8221;][qode_elements_holder_item item_padding=&#8221;85px 65px 60px&#8221; horizontal_alignment=&#8221;center&#8221; advanced_animations=&#8221;no&#8221; item_padding_1280_1440=&#8221;40px 22px 50px&#8221; item_padding_1024_1280=&#8221;48px 22px 45px&#8221; item_padding_768_1024=&#8221;0px 0px 25px 20px&#8221; item_padding_600_768=&#8221;0px 20px 60px&#8221; item_padding_480_600=&#8221;0px 10px 60px&#8221; item_padding_480=&#8221;0px 10px 60px&#8221;][vc_column_text]<\/p>\n<h2><span style=\"color: #ffffff;\">EFICI\u00caNCIA JUR\u00cdDICA<\/span><\/h2>\n<p>[\/vc_column_text][vc_empty_space height=&#8221;22px&#8221;][vc_column_text]<span style=\"color: #ffffff;\">Tenha um atendimento qualificado e profissional para seus litigios, coms eguran\u00e7a e privacidade, al\u00e9m de acompanhamento e suporte online emk todos os casos. Entre em contato com nosso escrit\u00f3rio e pe\u00e7a uma avalia\u00e7\u00e3o eficiente para o seu problema.<\/span>[\/vc_column_text][vc_empty_space height=&#8221;40px&#8221;]<a  itemprop=\"url\" href=\"https:\/\/wa.me\/5514996861080\" target=\"_self\" data-hover-background-color=#2f2a2d data-hover-border-color=#2f2a2d data-hover-color=#ffffff class=\"qbutton  large default\" style=\"border-color: #b59a63; background-color: #b59a63;\">Consulta Online<\/a>[\/qode_elements_holder_item][\/qode_elements_holder][\/vc_column_inner][vc_column_inner offset=&#8221;vc_col-lg-6 vc_col-md-7&#8243;][qode_elements_holder number_of_columns=&#8221;one_column&#8221;][qode_elements_holder_item background_image=&#8221;101&#8243; cover=&#8221;yes&#8221; item_padding=&#8221;0px 0px&#8221; advanced_animations=&#8221;no&#8221; item_padding_1280_1440=&#8221;134px 0px&#8221; item_padding_1024_1280=&#8221;133px 0px&#8221; item_padding_768_1024=&#8221;135px 0px&#8221; item_padding_600_768=&#8221;155px 0px&#8221; item_padding_480_600=&#8221;52px 0px&#8221; item_padding_480=&#8221;52px 0px&#8221;]<div class=\"qode_video_box disabled_hover_overlay\">\r\n\t<a itemprop=\"image\" class=\"qode_video_image\" href=\"https:\/\/vimeo.com\/48818941\" data-rel=\"prettyPhoto\">\r\n\t\t\t\r\n\t\t\t<img decoding=\"async\" src=\"https:\/\/ramasini.com.br\/wp-content\/uploads\/2024\/03\/7.jpg\" \/>\r\n\t\t\t<span class=\"qode_video_box_button_holder\">\r\n\t\t\t\t<span class=\"qode_video_box_button\">\r\n\t\t\t\t\t<span class=\"qode_video_box_button_arrow\">\r\n\t\t\t\t\t<\/span>\r\n\t\t\t\t<\/span>\r\n\t\t\t<\/span>\r\n\t\t\t<\/a>\r\n<\/div>[\/qode_elements_holder_item][\/qode_elements_holder][\/vc_column_inner][\/vc_row_inner][\/vc_column][\/vc_row][vc_row css_animation=&#8221;&#8221; row_type=&#8221;row&#8221; use_row_as_full_screen_section=&#8221;no&#8221; type=&#8221;full_width&#8221; in_content_menu=&#8221;in_content_menu&#8221; content_menu_icon=&#8221;&#8221; angled_section=&#8221;no&#8221; text_align=&#8221;left&#8221; background_image_as_pattern=&#8221;without_pattern&#8221; css=&#8221;.vc_custom_1711999569718{margin-top: -220px !important;background-color: #2f2a2d !important;}&#8221; z_index=&#8221;&#8221;][vc_column][qode_elements_holder number_of_columns=&#8221;one_column&#8221;][qode_elements_holder_item item_padding=&#8221;50px 7% 20px&#8221; advanced_animations=&#8221;no&#8221; item_padding_480_600=&#8221;250px 7% 20px&#8221; item_padding_480=&#8221;250px 7% 20px&#8221;][qode_clients columns=&#8221;five_columns&#8221; hover_effect=&#8221;switch_img&#8221; switch_effect=&#8221;switch_fade&#8221; disable_separators=&#8221;yes&#8221;][qode_client link_target=&#8221;_self&#8221; image=&#8221;6&#8243; hover_image=&#8221;7&#8243; link=&#8221;#&#8221;][qode_client link_target=&#8221;_self&#8221; image=&#8221;8&#8243; hover_image=&#8221;9&#8243; link=&#8221;#&#8221;][qode_client link_target=&#8221;_self&#8221; image=&#8221;132&#8243; hover_image=&#8221;133&#8243; link=&#8221;#&#8221;][qode_client link_target=&#8221;_self&#8221; link=&#8221;#&#8221;][qode_client link_target=&#8221;_self&#8221; link=&#8221;#&#8221;][\/qode_clients][\/qode_elements_holder_item][\/qode_elements_holder][\/vc_column][\/vc_row]<\/p>\n","protected":false},"excerpt":{"rendered":"<p>[vc_row css_animation=&#8221;&#8221; row_type=&#8221;row&#8221; use_row_as_full_screen_section=&#8221;no&#8221; type=&#8221;full_width&#8221; angled_section=&#8221;no&#8221; text_align=&#8221;left&#8221; background_image_as_pattern=&#8221;without_pattern&#8221; css=&#8221;.vc_custom_1520254781200{background-color: #2f2a2d !important;}&#8221; z_index=&#8221;&#8221;][vc_column][qode_elements_holder number_of_columns=&#8221;one_column&#8221;][qode_elements_holder_item item_padding=&#8221;595px 0px 0px&#8221; advanced_animations=&#8221;no&#8221; item_padding_1280_1440=&#8221;420px 0px 0px&#8221; item_padding_1024_1280=&#8221;400px 0px 0px&#8221; item_padding_480_600=&#8221;350px 0px 0px&#8221; item_padding_480=&#8221;350px 0px 0px&#8221;][\/qode_elements_holder_item][\/qode_elements_holder][\/vc_column][\/vc_row][vc_row css_animation=&#8221;&#8221; row_type=&#8221;row&#8221; use_row_as_full_screen_section=&#8221;no&#8221; type=&#8221;full_width&#8221; angled_section=&#8221;no&#8221; text_align=&#8221;left&#8221; background_image_as_pattern=&#8221;without_pattern&#8221; row_negative_margin=&#8221;disable_negative_margin&#8221; css=&#8221;.vc_custom_1520328428302{padding-top: 30px !important;padding-right: 30px !important;padding-bottom: 30px !important;padding-left: 30px&#8230;<\/p>\n","protected":false},"author":1,"featured_media":0,"parent":0,"menu_order":0,"comment_status":"closed","ping_status":"closed","template":"full_width.php","meta":{"_joinchat":[],"footnotes":""},"class_list":["post-146","page","type-page","status-publish","hentry"],"_links":{"self":[{"href":"https:\/\/ramasini.com.br\/index.php\/wp-json\/wp\/v2\/pages\/146","targetHints":{"allow":["GET"]}}],"collection":[{"href":"https:\/\/ramasini.com.br\/index.php\/wp-json\/wp\/v2\/pages"}],"about":[{"href":"https:\/\/ramasini.com.br\/index.php\/wp-json\/wp\/v2\/types\/page"}],"author":[{"embeddable":true,"href":"https:\/\/ramasini.com.br\/index.php\/wp-json\/wp\/v2\/users\/1"}],"replies":[{"embeddable":true,"href":"https:\/\/ramasini.com.br\/index.php\/wp-json\/wp\/v2\/comments?post=146"}],"version-history":[{"count":23,"href":"https:\/\/ramasini.com.br\/index.php\/wp-json\/wp\/v2\/pages\/146\/revisions"}],"predecessor-version":[{"id":382,"href":"https:\/\/ramasini.com.br\/index.php\/wp-json\/wp\/v2\/pages\/146\/revisions\/382"}],"wp:attachment":[{"href":"https:\/\/ramasini.com.br\/index.php\/wp-json\/wp\/v2\/media?parent=146"}],"curies":[{"name":"wp","href":"https:\/\/api.w.org\/{rel}","templated":true}]}}