{"id":289,"date":"2018-03-05T11:38:22","date_gmt":"2018-03-05T11:38:22","guid":{"rendered":"http:\/\/bridge175.qodeinteractive.com\/?page_id=4"},"modified":"2024-04-01T22:22:51","modified_gmt":"2024-04-02T01:22:51","slug":"about-us","status":"publish","type":"page","link":"https:\/\/ramasini.com.br\/index.php\/about-us\/","title":{"rendered":"Sobre n\u00f3s"},"content":{"rendered":"<p>[vc_row css_animation=&#8221;&#8221; row_type=&#8221;row&#8221; use_row_as_full_screen_section=&#8221;no&#8221; type=&#8221;full_width&#8221; angled_section=&#8221;no&#8221; text_align=&#8221;center&#8221; background_image_as_pattern=&#8221;without_pattern&#8221; css=&#8221;.vc_custom_1520333964275{background-image: url(http:\/\/bridge175.qodeinteractive.com\/wp-content\/uploads\/2018\/03\/about-content-background-img.jpg?id=178) !important;background-position: center !important;background-repeat: no-repeat !important;background-size: cover !important;}&#8221; z_index=&#8221;&#8221;][vc_column][vc_row_inner row_type=&#8221;row&#8221; type=&#8221;grid&#8221; text_align=&#8221;center&#8221; css_animation=&#8221;&#8221; css=&#8221;.vc_custom_1520334654760{padding-top: 100px !important;}&#8221;][vc_column_inner width=&#8221;1\/4&#8243; offset=&#8221;vc_col-lg-3 vc_col-md-2 vc_hidden-sm vc_hidden-xs&#8221;][\/vc_column_inner][vc_column_inner offset=&#8221;vc_col-lg-6 vc_col-md-8&#8243; css=&#8221;.vc_custom_1520331648930{padding-right: 10px !important;padding-left: 10px !important;}&#8221;][vc_single_image image=&#8221;348&#8243; img_size=&#8221;full&#8221; alignment=&#8221;center&#8221; qode_css_animation=&#8221;&#8221;][vc_empty_space height=&#8221;58px&#8221;][\/vc_column_inner][vc_column_inner width=&#8221;1\/4&#8243; offset=&#8221;vc_col-lg-3 vc_col-md-2 vc_hidden-sm vc_hidden-xs&#8221;][\/vc_column_inner][\/vc_row_inner][qode_elements_holder number_of_columns=&#8221;one_column&#8221;][qode_elements_holder_item item_padding=&#8221;0px 32% 58px&#8221; advanced_animations=&#8221;no&#8221; item_padding_1280_1440=&#8221;0px 23% 58px&#8221; item_padding_1024_1280=&#8221;0px 23% 58px&#8221; item_padding_768_1024=&#8221;0px 15% 58px&#8221; item_padding_600_768=&#8221;0px 6% 45px&#8221; item_padding_480_600=&#8221;0px 7% 30px&#8221; item_padding_480=&#8221;0px 7% 30px&#8221;][vc_column_text]<\/p>\n<h3>Com mais de 10 anos de experi\u00eancia profissional, se destaca na advocacia litigiosa. \u00c9 conhecido por sua abordagem meticulosa e seu compromisso com a \u00e9tica profissional. Acredita firmemente no poder da lei para criar uma sociedade mais justa e equitativa, Profissional dedicado, sempre buscando atualizar seus conhecimentos e habilidades para melhor atender seus clientes. \u00c9 considerado um advogado confi\u00e1vel e respeitado, com reputa\u00e7\u00e3o de integridade e profissionalismo.<\/h3>\n<p>[\/vc_column_text][\/qode_elements_holder_item][\/qode_elements_holder][qode_elements_holder number_of_columns=&#8221;one_column&#8221;][qode_elements_holder_item item_padding=&#8221;13px 0px 130px&#8221; advanced_animations=&#8221;no&#8221; item_padding_1280_1440=&#8221;0px 0px 120px&#8221; item_padding_1024_1280=&#8221;0px 0px 126px&#8221; item_padding_768_1024=&#8221;0px 0px 220px&#8221; item_padding_600_768=&#8221;0px 0px 80px&#8221; item_padding_480_600=&#8221;13px 0px 80px&#8221; item_padding_480=&#8221;13px 0px 80px&#8221;]<div class=\"qode_vertical_separator\" style=\"height: 62px;width: 2px;background-color: #392e2d\">\r\n<\/div>[\/qode_elements_holder_item][\/qode_elements_holder][vc_column_text]<\/p>\n<h2 style=\"text-align: center;\">CONHE\u00c7A NOSSAS ESPECIALIZA\u00c7\u00d5ES<\/h2>\n<p>[\/vc_column_text][vc_column_text el_id=&#8221;Atencimento&#8221;]<\/p>\n<h3 style=\"text-align: center;\">Atendimento e efici\u00eancia nas causas<\/h3>\n<p>[\/vc_column_text][vc_row_inner row_type=&#8221;row&#8221; type=&#8221;grid&#8221; text_align=&#8221;left&#8221; css_animation=&#8221;&#8221; css=&#8221;.vc_custom_1520333334068{padding-top: 100px !important;padding-bottom: 68px !important;}&#8221;][vc_column_inner width=&#8221;1\/3&#8243; offset=&#8221;vc_hidden-sm vc_hidden-xs&#8221;][\/vc_column_inner][vc_column_inner width=&#8221;1\/3&#8243; offset=&#8221;vc_col-md-4&#8243; css=&#8221;.vc_custom_1520256299435{padding-right: 10px !important;padding-left: 10px !important;}&#8221;]<div class='q_team info_description_below_image'><div class='q_team_inner'><div class='q_team_image'><div class='q_team_image_holder'><img itemprop='image' src='https:\/\/ramasini.com.br\/wp-content\/uploads\/2024\/04\/357-x-540-px-1.jpg' alt='\u201c (357 x 540 px) (1)' \/><\/div><div class='q_team_text' ><div class='q_team_text_inner'><div class='q_team_title_holder'><h4 class='q_team_name' style = ''>Dr. Alfredo Ramasini<\/h4><\/div><div class='q_team_description_below_image_wrapper'><div class='q_team_description'><div class='q_team_description_inner'><p>Acredita firmemente no poder da lei para criar uma sociedade mais justa e equitativa, Profissional dedicado, sempre buscando atualizar seus conhecimentos.<\/p><\/div><\/div><\/div><\/div><\/div><div class='q_team_social_holder'><\/div><\/div><\/div><\/div>[\/vc_column_inner][\/vc_row_inner][vc_row_inner row_type=&#8221;row&#8221; type=&#8221;grid&#8221; text_align=&#8221;center&#8221; css_animation=&#8221;&#8221; css=&#8221;.vc_custom_1520333271436{margin-right: 30px !important;margin-left: 30px !important;padding-bottom: 75px !important;}&#8221;][vc_column_inner width=&#8221;1\/6&#8243; offset=&#8221;vc_hidden-sm vc_hidden-xs&#8221;][\/vc_column_inner][vc_column_inner offset=&#8221;vc_col-md-8&#8243;][qode_elements_holder number_of_columns=&#8221;one_column&#8221;][qode_elements_holder_item background_image=&#8221;368&#8243; item_padding=&#8221;189px 0px&#8221; advanced_animations=&#8221;no&#8221; item_padding_1280_1440=&#8221;150px 0px&#8221; item_padding_1024_1280=&#8221;150px 0px&#8221; item_padding_768_1024=&#8221;121px 0px&#8221; item_padding_600_768=&#8221;116px 0px&#8221; item_padding_480=&#8221;30px 0px&#8221;]<div class=\"qode_video_box disabled_hover_overlay\">\r\n\t<a itemprop=\"image\" class=\"qode_video_image\" href=\"https:\/\/vimeo.com\/48818941\" data-rel=\"prettyPhoto\">\r\n\t\t\t\r\n\t\t\t<img decoding=\"async\" src=\"https:\/\/ramasini.com.br\/wp-content\/uploads\/2024\/04\/357-x-540-px-2.jpg\" \/>\r\n\t\t\t<span class=\"qode_video_box_button_holder\">\r\n\t\t\t\t<span class=\"qode_video_box_button\">\r\n\t\t\t\t\t<span class=\"qode_video_box_button_arrow\">\r\n\t\t\t\t\t<\/span>\r\n\t\t\t\t<\/span>\r\n\t\t\t<\/span>\r\n\t\t\t<\/a>\r\n<\/div>[\/qode_elements_holder_item][\/qode_elements_holder][\/vc_column_inner][vc_column_inner width=&#8221;1\/6&#8243; offset=&#8221;vc_hidden-sm vc_hidden-xs&#8221;][\/vc_column_inner][\/vc_row_inner][qode_elements_holder number_of_columns=&#8221;one_column&#8221;][qode_elements_holder_item item_padding=&#8221;50px 7% 20px&#8221; advanced_animations=&#8221;no&#8221;][qode_clients columns=&#8221;five_columns&#8221; hover_effect=&#8221;switch_img&#8221; switch_effect=&#8221;switch_fade&#8221; disable_separators=&#8221;yes&#8221;][qode_client link_target=&#8221;_self&#8221; image=&#8221;6&#8243; hover_image=&#8221;7&#8243; link=&#8221;#&#8221;][qode_client link_target=&#8221;_self&#8221; image=&#8221;8&#8243; hover_image=&#8221;9&#8243; link=&#8221;#&#8221;][qode_client link_target=&#8221;_self&#8221; image=&#8221;132&#8243; hover_image=&#8221;133&#8243; link=&#8221;#&#8221;][qode_client link_target=&#8221;_self&#8221; link=&#8221;#&#8221;][qode_client link_target=&#8221;_self&#8221; link=&#8221;#&#8221;][\/qode_clients][\/qode_elements_holder_item][\/qode_elements_holder][\/vc_column][\/vc_row]<\/p>\n","protected":false},"excerpt":{"rendered":"<p>[vc_row css_animation=&#8221;&#8221; row_type=&#8221;row&#8221; use_row_as_full_screen_section=&#8221;no&#8221; type=&#8221;full_width&#8221; angled_section=&#8221;no&#8221; text_align=&#8221;center&#8221; background_image_as_pattern=&#8221;without_pattern&#8221; css=&#8221;.vc_custom_1520333964275{background-image: url(http:\/\/bridge175.qodeinteractive.com\/wp-content\/uploads\/2018\/03\/about-content-background-img.jpg?id=178) !important;background-position: center !important;background-repeat: no-repeat !important;background-size: cover !important;}&#8221; z_index=&#8221;&#8221;][vc_column][vc_row_inner row_type=&#8221;row&#8221; type=&#8221;grid&#8221; text_align=&#8221;center&#8221; css_animation=&#8221;&#8221; css=&#8221;.vc_custom_1520334654760{padding-top: 100px !important;}&#8221;][vc_column_inner width=&#8221;1\/4&#8243; offset=&#8221;vc_col-lg-3 vc_col-md-2 vc_hidden-sm vc_hidden-xs&#8221;][\/vc_column_inner][vc_column_inner offset=&#8221;vc_col-lg-6 vc_col-md-8&#8243; css=&#8221;.vc_custom_1520331648930{padding-right: 10px !important;padding-left: 10px !important;}&#8221;][vc_single_image image=&#8221;348&#8243; img_size=&#8221;full&#8221; alignment=&#8221;center&#8221; qode_css_animation=&#8221;&#8221;][vc_empty_space height=&#8221;58px&#8221;][\/vc_column_inner][vc_column_inner width=&#8221;1\/4&#8243; offset=&#8221;vc_col-lg-3 vc_col-md-2&#8230;<\/p>\n","protected":false},"author":1,"featured_media":0,"parent":0,"menu_order":0,"comment_status":"closed","ping_status":"closed","template":"full_width.php","meta":{"_joinchat":[],"footnotes":""},"class_list":["post-289","page","type-page","status-publish","hentry"],"_links":{"self":[{"href":"https:\/\/ramasini.com.br\/index.php\/wp-json\/wp\/v2\/pages\/289","targetHints":{"allow":["GET"]}}],"collection":[{"href":"https:\/\/ramasini.com.br\/index.php\/wp-json\/wp\/v2\/pages"}],"about":[{"href":"https:\/\/ramasini.com.br\/index.php\/wp-json\/wp\/v2\/types\/page"}],"author":[{"embeddable":true,"href":"https:\/\/ramasini.com.br\/index.php\/wp-json\/wp\/v2\/users\/1"}],"replies":[{"embeddable":true,"href":"https:\/\/ramasini.com.br\/index.php\/wp-json\/wp\/v2\/comments?post=289"}],"version-history":[{"count":8,"href":"https:\/\/ramasini.com.br\/index.php\/wp-json\/wp\/v2\/pages\/289\/revisions"}],"predecessor-version":[{"id":369,"href":"https:\/\/ramasini.com.br\/index.php\/wp-json\/wp\/v2\/pages\/289\/revisions\/369"}],"wp:attachment":[{"href":"https:\/\/ramasini.com.br\/index.php\/wp-json\/wp\/v2\/media?parent=289"}],"curies":[{"name":"wp","href":"https:\/\/api.w.org\/{rel}","templated":true}]}}